{"id":37,"date":"2021-01-14T09:51:18","date_gmt":"2021-01-14T08:51:18","guid":{"rendered":"https:\/\/ens.ta-5.no\/?page_id=3"},"modified":"2021-01-14T09:51:18","modified_gmt":"2021-01-14T08:51:18","slug":"personvernerklaering","status":"publish","type":"page","link":"https:\/\/demo.ta-5.no\/en\/personvernerklaering\/","title":{"rendered":"Personvernerkl\u00e6ring"},"content":{"rendered":"\n<h2 class=\"wp-block-heading\">Hvem vi er<\/h2>\n\n\n\n<p>V\u00e5r nettstedsadresse er: https:\/\/enk.ta-5.no<\/p>\n\n\n\n<h2 class=\"wp-block-heading\">Ta5<\/h2>\n\n\n\n<p>N\u00e5r brukere legger inn Ta5 p\u00e5 siden, lagres informasjonen gitt inn i skjemaet i tillegg til navn, epost og avdelingen brukeren tilh\u00f8rer.<\/p>\n\n\n\n<h2 class=\"wp-block-heading\">Informasjonskapsler<\/h2>\n\n\n\n<p>N\u00e5r du bes\u00f8ker v\u00e5r innloggingsside, vil vi opprette en midlertidig informasjonskapsel for \u00e5 avgj\u00f8re om nettleseren din aksepterer informasjonskapsler. Denne informasjonskapselen inneholder ingen personopplysninger og forsvinner s\u00e5 snart du lukker nettleseren din.<\/p>\n\n\n\n<p>N\u00e5r du logger deg inn, blir det opprettet informasjonskapsler som lagrer innloggingsinformasjonen din og valg du har tatt n\u00e5r det gjelder hvordan innhold skal vises. Informasjonskapsler med innloggingsinformasjon utl\u00f8per etter to dager, mens de med visningsvalg varer i ett \u00e5r. Hvis du krysser av for \u201cHusk meg\u201d, vil innloggingsinformasjonen din oppbevares i to uker. Hvis du logger deg ut av kontoen din, vil disse informasjonskapslene forsvinne.<\/p>\n\n\n\n<h2 class=\"wp-block-heading\">Hvem vi deler dine opplysninger med<\/h2>\n\n\n\n<p>Om du ber at passordet tilbakestilles, vil din IP-adresse tas med i e-posten om tilbakestilling av passord.<br>Informasjon om dine Ta5 blir delt med alle personer med tilgang til statistikk p\u00e5 siden. Dette vil typisk v\u00e6re linjeledere og ledergruppen.<\/p>\n\n\n\n<h2 class=\"wp-block-heading\">Hvor lenge vi oppbevarer opplysninger om deg<\/h2>\n\n\n\n<p>Hvis du legger igjen en Ta5, blir Ta5en og informasjon om Ta5en lagret p\u00e5 ubestemt tid. Dette er for at vi skal kunne f\u00f8re statistikk med antall Ta5 p\u00e5 avdelings- og verksniv\u00e5, i tillegg til at bedriften skal ha muligheten til \u00e5 gjennomg\u00e5 Ta5er i ettertid.<\/p>\n\n\n\n<p>For brukere som er registrert p\u00e5 dette nettstedet, lagres det ogs\u00e5 personopplysninger som de oppgir i brukerprofilen sin. Alle brukere kan se, redigere og slette sine egne personopplysninger n\u00e5r som helst (bortsett fra brukernavn). Nettstedets administratorer kan ogs\u00e5 se og redigere denne informasjonen.<\/p>\n\n\n\n<h2 class=\"wp-block-heading\">Rettighetene dine n\u00e5r det gjelder opplysninger om deg<\/h2>\n\n\n\n<p>Hvis du har en konto p\u00e5 dette nettstedet eller har lagt igjen Ta5, kan du be om \u00e5 f\u00e5 en eksportfil som inneholder personopplysningene vi har om deg. Dette omfatter all data du har gitt oss. Du kan ogs\u00e5 be om at vi sletter alle personopplysninger vi har om deg. Dette omfatter ikke opplysninger vi er p\u00e5lagt \u00e5 lagre av administrative, juridiske eller sikkerhetsmessige \u00e5rsaker.<\/p>\n\n\n\n<h2 class=\"wp-block-heading\">Hvor dine opplysninger sendes<\/h2>\n\n\n\n<p>Ingen opplysninger sendes noe sted.<\/p>\n","protected":false},"excerpt":{"rendered":"<p>Hvem vi er V\u00e5r nettstedsadresse er: https:\/\/enk.ta-5.no Ta5 N\u00e5r brukere legger inn Ta5 p\u00e5 siden, lagres informasjonen gitt inn i skjemaet i tillegg til navn, epost og avdelingen brukeren tilh\u00f8rer. Informasjonskapsler N\u00e5r du bes\u00f8ker v\u00e5r innloggingsside, vil vi opprette en midlertidig informasjonskapsel for \u00e5 avgj\u00f8re om nettleseren din aksepterer informasjonskapsler. Denne informasjonskapselen inneholder ingen personopplysninger [&hellip;]<\/p>\n","protected":false},"author":1,"featured_media":0,"parent":0,"menu_order":0,"comment_status":"closed","ping_status":"closed","template":"","meta":{"_et_pb_use_builder":"","_et_pb_old_content":"","_et_gb_content_width":"","inline_featured_image":false,"footnotes":""},"class_list":["post-37","page","type-page","status-publish","hentry"],"acf":[],"yoast_head":"<!-- This site is optimized with the Yoast SEO plugin v19.7.2 - https:\/\/yoast.com\/wordpress\/plugins\/seo\/ -->\n<title>Personvernerkl\u00e6ring - Malside<\/title>\n<meta name=\"robots\" content=\"noindex, follow, max-snippet:-1, max-image-preview:large, max-video-preview:-1\" \/>\n<meta property=\"og:locale\" content=\"en_US\" \/>\n<meta property=\"og:type\" content=\"article\" \/>\n<meta property=\"og:title\" content=\"Personvernerkl\u00e6ring - Malside\" \/>\n<meta property=\"og:description\" content=\"Hvem vi er V\u00e5r nettstedsadresse er: https:\/\/enk.ta-5.no Ta5 N\u00e5r brukere legger inn Ta5 p\u00e5 siden, lagres informasjonen gitt inn i skjemaet i tillegg til navn, epost og avdelingen brukeren tilh\u00f8rer. Informasjonskapsler N\u00e5r du bes\u00f8ker v\u00e5r innloggingsside, vil vi opprette en midlertidig informasjonskapsel for \u00e5 avgj\u00f8re om nettleseren din aksepterer informasjonskapsler. Denne informasjonskapselen inneholder ingen personopplysninger [&hellip;]\" \/>\n<meta property=\"og:url\" content=\"https:\/\/demo.ta-5.no\/personvernerklaering\/\" \/>\n<meta property=\"og:site_name\" content=\"Malside\" \/>\n<meta name=\"twitter:card\" content=\"summary_large_image\" \/>\n<meta name=\"twitter:label1\" content=\"Est. reading time\" \/>\n\t<meta name=\"twitter:data1\" content=\"2 minutes\" \/>\n<script type=\"application\/ld+json\" class=\"yoast-schema-graph\">{\"@context\":\"https:\/\/schema.org\",\"@graph\":[{\"@type\":\"WebPage\",\"@id\":\"https:\/\/demo.ta-5.no\/personvernerklaering\/\",\"url\":\"https:\/\/demo.ta-5.no\/personvernerklaering\/\",\"name\":\"Personvernerkl\u00e6ring - Malside\",\"isPartOf\":{\"@id\":\"https:\/\/demo.ta-5.no\/#website\"},\"datePublished\":\"2021-01-14T08:51:18+00:00\",\"dateModified\":\"2021-01-14T08:51:18+00:00\",\"breadcrumb\":{\"@id\":\"https:\/\/demo.ta-5.no\/personvernerklaering\/#breadcrumb\"},\"inLanguage\":\"en-US\",\"potentialAction\":[{\"@type\":\"ReadAction\",\"target\":[\"https:\/\/demo.ta-5.no\/personvernerklaering\/\"]}]},{\"@type\":\"BreadcrumbList\",\"@id\":\"https:\/\/demo.ta-5.no\/personvernerklaering\/#breadcrumb\",\"itemListElement\":[{\"@type\":\"ListItem\",\"position\":1,\"name\":\"Home\",\"item\":\"https:\/\/demo.ta-5.no\/\"},{\"@type\":\"ListItem\",\"position\":2,\"name\":\"Personvernerkl\u00e6ring\"}]},{\"@type\":\"WebSite\",\"@id\":\"https:\/\/demo.ta-5.no\/#website\",\"url\":\"https:\/\/demo.ta-5.no\/\",\"name\":\"Malside\",\"description\":\"Just another WordPress site\",\"potentialAction\":[{\"@type\":\"SearchAction\",\"target\":{\"@type\":\"EntryPoint\",\"urlTemplate\":\"https:\/\/demo.ta-5.no\/?s={search_term_string}\"},\"query-input\":\"required name=search_term_string\"}],\"inLanguage\":\"en-US\"}]}<\/script>\n<!-- \/ Yoast SEO plugin. -->","yoast_head_json":{"title":"Personvernerkl\u00e6ring - Malside","robots":{"index":"noindex","follow":"follow","max-snippet":"max-snippet:-1","max-image-preview":"max-image-preview:large","max-video-preview":"max-video-preview:-1"},"og_locale":"en_US","og_type":"article","og_title":"Personvernerkl\u00e6ring - Malside","og_description":"Hvem vi er V\u00e5r nettstedsadresse er: https:\/\/enk.ta-5.no Ta5 N\u00e5r brukere legger inn Ta5 p\u00e5 siden, lagres informasjonen gitt inn i skjemaet i tillegg til navn, epost og avdelingen brukeren tilh\u00f8rer. Informasjonskapsler N\u00e5r du bes\u00f8ker v\u00e5r innloggingsside, vil vi opprette en midlertidig informasjonskapsel for \u00e5 avgj\u00f8re om nettleseren din aksepterer informasjonskapsler. Denne informasjonskapselen inneholder ingen personopplysninger [&hellip;]","og_url":"https:\/\/demo.ta-5.no\/personvernerklaering\/","og_site_name":"Malside","twitter_card":"summary_large_image","twitter_misc":{"Est. reading time":"2 minutes"},"schema":{"@context":"https:\/\/schema.org","@graph":[{"@type":"WebPage","@id":"https:\/\/demo.ta-5.no\/personvernerklaering\/","url":"https:\/\/demo.ta-5.no\/personvernerklaering\/","name":"Personvernerkl\u00e6ring - Malside","isPartOf":{"@id":"https:\/\/demo.ta-5.no\/#website"},"datePublished":"2021-01-14T08:51:18+00:00","dateModified":"2021-01-14T08:51:18+00:00","breadcrumb":{"@id":"https:\/\/demo.ta-5.no\/personvernerklaering\/#breadcrumb"},"inLanguage":"en-US","potentialAction":[{"@type":"ReadAction","target":["https:\/\/demo.ta-5.no\/personvernerklaering\/"]}]},{"@type":"BreadcrumbList","@id":"https:\/\/demo.ta-5.no\/personvernerklaering\/#breadcrumb","itemListElement":[{"@type":"ListItem","position":1,"name":"Home","item":"https:\/\/demo.ta-5.no\/"},{"@type":"ListItem","position":2,"name":"Personvernerkl\u00e6ring"}]},{"@type":"WebSite","@id":"https:\/\/demo.ta-5.no\/#website","url":"https:\/\/demo.ta-5.no\/","name":"Malside","description":"Just another WordPress site","potentialAction":[{"@type":"SearchAction","target":{"@type":"EntryPoint","urlTemplate":"https:\/\/demo.ta-5.no\/?s={search_term_string}"},"query-input":"required name=search_term_string"}],"inLanguage":"en-US"}]}},"_links":{"self":[{"href":"https:\/\/demo.ta-5.no\/en\/wp-json\/wp\/v2\/pages\/37","targetHints":{"allow":["GET"]}}],"collection":[{"href":"https:\/\/demo.ta-5.no\/en\/wp-json\/wp\/v2\/pages"}],"about":[{"href":"https:\/\/demo.ta-5.no\/en\/wp-json\/wp\/v2\/types\/page"}],"author":[{"embeddable":true,"href":"https:\/\/demo.ta-5.no\/en\/wp-json\/wp\/v2\/users\/1"}],"replies":[{"embeddable":true,"href":"https:\/\/demo.ta-5.no\/en\/wp-json\/wp\/v2\/comments?post=37"}],"version-history":[{"count":0,"href":"https:\/\/demo.ta-5.no\/en\/wp-json\/wp\/v2\/pages\/37\/revisions"}],"wp:attachment":[{"href":"https:\/\/demo.ta-5.no\/en\/wp-json\/wp\/v2\/media?parent=37"}],"curies":[{"name":"wp","href":"https:\/\/api.w.org\/{rel}","templated":true}]}}