{"id":7068,"date":"2022-08-20T13:03:37","date_gmt":"2022-08-20T11:03:37","guid":{"rendered":"https:\/\/ens.ta-5.no\/?page_id=7068"},"modified":"2022-08-20T13:03:37","modified_gmt":"2022-08-20T11:03:37","slug":"oppdater_app","status":"publish","type":"page","link":"https:\/\/demo.ta-5.no\/en\/oppdater_app\/","title":{"rendered":"Oppdatering n\u00f8dvendig"},"content":{"rendered":"\n[et_pb_section fb_built=&#8221;1&#8243; theme_builder_area=&#8221;post_content&#8221; _builder_version=&#8221;4.18.0&#8243; _module_preset=&#8221;default&#8221;][et_pb_row _builder_version=&#8221;4.18.0&#8243; _module_preset=&#8221;default&#8221; theme_builder_area=&#8221;post_content&#8221;][et_pb_column _builder_version=&#8221;4.18.0&#8243; _module_preset=&#8221;default&#8221; type=&#8221;4_4&#8243; theme_builder_area=&#8221;post_content&#8221;][et_pb_text _builder_version=&#8221;4.18.0&#8243; _module_preset=&#8221;default&#8221; theme_builder_area=&#8221;post_content&#8221; hover_enabled=&#8221;0&#8243; sticky_enabled=&#8221;0&#8243;]<h1 style=\"text-align: center;\"><strong>Oppdatering n\u00f8dvendig!<\/strong><\/h1>[\/et_pb_text][\/et_pb_column][\/et_pb_row][et_pb_row _builder_version=&#8221;4.18.0&#8243; _module_preset=&#8221;default&#8221; theme_builder_area=&#8221;post_content&#8221;][et_pb_column _builder_version=&#8221;4.18.0&#8243; _module_preset=&#8221;default&#8221; type=&#8221;4_4&#8243; theme_builder_area=&#8221;post_content&#8221;][et_pb_text _builder_version=&#8221;4.18.0&#8243; _module_preset=&#8221;default&#8221; theme_builder_area=&#8221;post_content&#8221; hover_enabled=&#8221;0&#8243; sticky_enabled=&#8221;0&#8243;]<p>Ta5-appen er oppdatert i Google Play.<\/p>\n<p>For \u00e5 fortsette \u00e5 bruke Ta5 p\u00e5 telefonen m\u00e5 du oppdatere appen. Klikk p\u00e5 linken under for \u00e5 \u00e5pne Google Play:<\/p>\n<p><a href=\"https:\/\/play.google.com\/store\/apps\/details?id=eramet.ta5.twa\" target=\"_blank\" rel=\"noopener\">Klikk her<\/a><\/p>[\/et_pb_text][\/et_pb_column][\/et_pb_row][\/et_pb_section]\n","protected":false},"excerpt":{"rendered":"<p>Oppdatering n\u00f8dvendig!Ta5-appen er oppdatert i Google Play. For \u00e5 fortsette \u00e5 bruke Ta5 p\u00e5 telefonen m\u00e5 du oppdatere appen. Klikk p\u00e5 linken under for \u00e5 \u00e5pne Google Play: Klikk her<\/p>\n","protected":false},"author":1,"featured_media":0,"parent":0,"menu_order":0,"comment_status":"closed","ping_status":"closed","template":"","meta":{"_et_pb_use_builder":"on","_et_pb_old_content":"","_et_gb_content_width":"","inline_featured_image":false,"footnotes":""},"class_list":["post-7068","page","type-page","status-publish","hentry"],"acf":[],"yoast_head":"<!-- This site is optimized with the Yoast SEO plugin v19.7.2 - https:\/\/yoast.com\/wordpress\/plugins\/seo\/ -->\n<title>Oppdatering n\u00f8dvendig - Malside<\/title>\n<meta name=\"robots\" content=\"noindex, follow, max-snippet:-1, max-image-preview:large, max-video-preview:-1\" \/>\n<meta property=\"og:locale\" content=\"en_US\" \/>\n<meta property=\"og:type\" content=\"article\" \/>\n<meta property=\"og:title\" content=\"Oppdatering n\u00f8dvendig - Malside\" \/>\n<meta property=\"og:description\" content=\"Oppdatering n\u00f8dvendig!Ta5-appen er oppdatert i Google Play. For \u00e5 fortsette \u00e5 bruke Ta5 p\u00e5 telefonen m\u00e5 du oppdatere appen. Klikk p\u00e5 linken under for \u00e5 \u00e5pne Google Play: Klikk her\" \/>\n<meta property=\"og:url\" content=\"https:\/\/demo.ta-5.no\/oppdater_app\/\" \/>\n<meta property=\"og:site_name\" content=\"Malside\" \/>\n<meta name=\"twitter:card\" content=\"summary_large_image\" \/>\n<meta name=\"twitter:label1\" content=\"Est. reading time\" \/>\n\t<meta name=\"twitter:data1\" content=\"1 minute\" \/>\n<script type=\"application\/ld+json\" class=\"yoast-schema-graph\">{\"@context\":\"https:\/\/schema.org\",\"@graph\":[{\"@type\":\"WebPage\",\"@id\":\"https:\/\/demo.ta-5.no\/oppdater_app\/\",\"url\":\"https:\/\/demo.ta-5.no\/oppdater_app\/\",\"name\":\"Oppdatering n\u00f8dvendig - Malside\",\"isPartOf\":{\"@id\":\"https:\/\/demo.ta-5.no\/#website\"},\"datePublished\":\"2022-08-20T11:03:37+00:00\",\"dateModified\":\"2022-08-20T11:03:37+00:00\",\"breadcrumb\":{\"@id\":\"https:\/\/demo.ta-5.no\/oppdater_app\/#breadcrumb\"},\"inLanguage\":\"en-US\",\"potentialAction\":[{\"@type\":\"ReadAction\",\"target\":[\"https:\/\/demo.ta-5.no\/oppdater_app\/\"]}]},{\"@type\":\"BreadcrumbList\",\"@id\":\"https:\/\/demo.ta-5.no\/oppdater_app\/#breadcrumb\",\"itemListElement\":[{\"@type\":\"ListItem\",\"position\":1,\"name\":\"Home\",\"item\":\"https:\/\/demo.ta-5.no\/\"},{\"@type\":\"ListItem\",\"position\":2,\"name\":\"Oppdatering n\u00f8dvendig\"}]},{\"@type\":\"WebSite\",\"@id\":\"https:\/\/demo.ta-5.no\/#website\",\"url\":\"https:\/\/demo.ta-5.no\/\",\"name\":\"Malside\",\"description\":\"Just another WordPress site\",\"potentialAction\":[{\"@type\":\"SearchAction\",\"target\":{\"@type\":\"EntryPoint\",\"urlTemplate\":\"https:\/\/demo.ta-5.no\/?s={search_term_string}\"},\"query-input\":\"required name=search_term_string\"}],\"inLanguage\":\"en-US\"}]}<\/script>\n<!-- \/ Yoast SEO plugin. -->","yoast_head_json":{"title":"Oppdatering n\u00f8dvendig - Malside","robots":{"index":"noindex","follow":"follow","max-snippet":"max-snippet:-1","max-image-preview":"max-image-preview:large","max-video-preview":"max-video-preview:-1"},"og_locale":"en_US","og_type":"article","og_title":"Oppdatering n\u00f8dvendig - Malside","og_description":"Oppdatering n\u00f8dvendig!Ta5-appen er oppdatert i Google Play. For \u00e5 fortsette \u00e5 bruke Ta5 p\u00e5 telefonen m\u00e5 du oppdatere appen. Klikk p\u00e5 linken under for \u00e5 \u00e5pne Google Play: Klikk her","og_url":"https:\/\/demo.ta-5.no\/oppdater_app\/","og_site_name":"Malside","twitter_card":"summary_large_image","twitter_misc":{"Est. reading time":"1 minute"},"schema":{"@context":"https:\/\/schema.org","@graph":[{"@type":"WebPage","@id":"https:\/\/demo.ta-5.no\/oppdater_app\/","url":"https:\/\/demo.ta-5.no\/oppdater_app\/","name":"Oppdatering n\u00f8dvendig - Malside","isPartOf":{"@id":"https:\/\/demo.ta-5.no\/#website"},"datePublished":"2022-08-20T11:03:37+00:00","dateModified":"2022-08-20T11:03:37+00:00","breadcrumb":{"@id":"https:\/\/demo.ta-5.no\/oppdater_app\/#breadcrumb"},"inLanguage":"en-US","potentialAction":[{"@type":"ReadAction","target":["https:\/\/demo.ta-5.no\/oppdater_app\/"]}]},{"@type":"BreadcrumbList","@id":"https:\/\/demo.ta-5.no\/oppdater_app\/#breadcrumb","itemListElement":[{"@type":"ListItem","position":1,"name":"Home","item":"https:\/\/demo.ta-5.no\/"},{"@type":"ListItem","position":2,"name":"Oppdatering n\u00f8dvendig"}]},{"@type":"WebSite","@id":"https:\/\/demo.ta-5.no\/#website","url":"https:\/\/demo.ta-5.no\/","name":"Malside","description":"Just another WordPress site","potentialAction":[{"@type":"SearchAction","target":{"@type":"EntryPoint","urlTemplate":"https:\/\/demo.ta-5.no\/?s={search_term_string}"},"query-input":"required name=search_term_string"}],"inLanguage":"en-US"}]}},"_links":{"self":[{"href":"https:\/\/demo.ta-5.no\/en\/wp-json\/wp\/v2\/pages\/7068","targetHints":{"allow":["GET"]}}],"collection":[{"href":"https:\/\/demo.ta-5.no\/en\/wp-json\/wp\/v2\/pages"}],"about":[{"href":"https:\/\/demo.ta-5.no\/en\/wp-json\/wp\/v2\/types\/page"}],"author":[{"embeddable":true,"href":"https:\/\/demo.ta-5.no\/en\/wp-json\/wp\/v2\/users\/1"}],"replies":[{"embeddable":true,"href":"https:\/\/demo.ta-5.no\/en\/wp-json\/wp\/v2\/comments?post=7068"}],"version-history":[{"count":0,"href":"https:\/\/demo.ta-5.no\/en\/wp-json\/wp\/v2\/pages\/7068\/revisions"}],"wp:attachment":[{"href":"https:\/\/demo.ta-5.no\/en\/wp-json\/wp\/v2\/media?parent=7068"}],"curies":[{"name":"wp","href":"https:\/\/api.w.org\/{rel}","templated":true}]}}